{"id":45,"date":"2023-03-15T13:09:00","date_gmt":"2023-03-15T12:09:00","guid":{"rendered":"https:\/\/osteopathe-gonnet.fr\/?page_id=45"},"modified":"2025-10-15T14:26:06","modified_gmt":"2025-10-15T12:26:06","slug":"mon-cursus-de-formation","status":"publish","type":"page","link":"https:\/\/osteopathe-gonnet.fr\/index.php\/mon-cursus-de-formation\/","title":{"rendered":"Mon cursus de formation"},"content":{"rendered":"\t\t<div data-elementor-type=\"wp-page\" data-elementor-id=\"45\" class=\"elementor elementor-45\">\n\t\t\t\t\t\t<section class=\"elementor-section elementor-top-section elementor-element elementor-element-6626bea2 elementor-section-boxed elementor-section-height-default elementor-section-height-default\" data-id=\"6626bea2\" data-element_type=\"section\" data-settings=\"{&quot;shape_divider_top&quot;:&quot;mountains&quot;}\">\n\t\t\t\t\t<div class=\"elementor-shape elementor-shape-top\" data-negative=\"false\">\n\t\t\t<svg xmlns=\"http:\/\/www.w3.org\/2000\/svg\" viewBox=\"0 0 1000 100\" preserveAspectRatio=\"none\">\n\t<path class=\"elementor-shape-fill\" opacity=\"0.33\" d=\"M473,67.3c-203.9,88.3-263.1-34-320.3,0C66,119.1,0,59.7,0,59.7V0h1000v59.7 c0,0-62.1,26.1-94.9,29.3c-32.8,3.3-62.8-12.3-75.8-22.1C806,49.6,745.3,8.7,694.9,4.7S492.4,59,473,67.3z\"\/>\n\t<path class=\"elementor-shape-fill\" opacity=\"0.66\" d=\"M734,67.3c-45.5,0-77.2-23.2-129.1-39.1c-28.6-8.7-150.3-10.1-254,39.1 s-91.7-34.4-149.2,0C115.7,118.3,0,39.8,0,39.8V0h1000v36.5c0,0-28.2-18.5-92.1-18.5C810.2,18.1,775.7,67.3,734,67.3z\"\/>\n\t<path class=\"elementor-shape-fill\" d=\"M766.1,28.9c-200-57.5-266,65.5-395.1,19.5C242,1.8,242,5.4,184.8,20.6C128,35.8,132.3,44.9,89.9,52.5C28.6,63.7,0,0,0,0 h1000c0,0-9.9,40.9-83.6,48.1S829.6,47,766.1,28.9z\"\/>\n<\/svg>\t\t<\/div>\n\t\t\t\t\t<div class=\"elementor-container elementor-column-gap-default\">\n\t\t\t\t\t<div class=\"elementor-column elementor-col-100 elementor-top-column elementor-element elementor-element-6ee5cef4\" data-id=\"6ee5cef4\" data-element_type=\"column\">\n\t\t\t<div class=\"elementor-widget-wrap elementor-element-populated\">\n\t\t\t\t\t\t<div class=\"elementor-element elementor-element-21a63378 elementor-widget elementor-widget-heading\" data-id=\"21a63378\" data-element_type=\"widget\" data-widget_type=\"heading.default\">\n\t\t\t\t<div class=\"elementor-widget-container\">\n\t\t\t\t\t<h2 class=\"elementor-heading-title elementor-size-default\">Cursus de formation<\/h2>\t\t\t\t<\/div>\n\t\t\t\t<\/div>\n\t\t\t\t\t<\/div>\n\t\t<\/div>\n\t\t\t\t\t<\/div>\n\t\t<\/section>\n\t\t\t\t<section class=\"elementor-section elementor-top-section elementor-element elementor-element-404d71a7 elementor-section-boxed elementor-section-height-default elementor-section-height-default\" data-id=\"404d71a7\" data-element_type=\"section\">\n\t\t\t\t\t\t<div class=\"elementor-container elementor-column-gap-default\">\n\t\t\t\t\t<div class=\"elementor-column elementor-col-100 elementor-top-column elementor-element elementor-element-50829d7e\" data-id=\"50829d7e\" data-element_type=\"column\">\n\t\t\t<div class=\"elementor-widget-wrap elementor-element-populated\">\n\t\t\t\t\t\t<div class=\"elementor-element elementor-element-65f176d1 elementor-widget elementor-widget-text-editor\" data-id=\"65f176d1\" data-element_type=\"widget\" data-widget_type=\"text-editor.default\">\n\t\t\t\t<div class=\"elementor-widget-container\">\n\t\t\t\t\t\t\t\t\t<p><strong>Dipl\u00f4me ESO Paris<\/strong><br><strong>RPPS 10010762176<\/strong><\/p>\t\t\t\t\t\t\t\t<\/div>\n\t\t\t\t<\/div>\n\t\t\t\t\t<\/div>\n\t\t<\/div>\n\t\t\t\t\t<\/div>\n\t\t<\/section>\n\t\t\t\t<section class=\"elementor-section elementor-top-section elementor-element elementor-element-316e2b1a elementor-section-boxed elementor-section-height-default elementor-section-height-default\" data-id=\"316e2b1a\" data-element_type=\"section\">\n\t\t\t\t\t\t<div class=\"elementor-container elementor-column-gap-default\">\n\t\t\t\t\t<div class=\"elementor-column elementor-col-16 elementor-top-column elementor-element elementor-element-6e7ab94f\" data-id=\"6e7ab94f\" data-element_type=\"column\">\n\t\t\t<div class=\"elementor-widget-wrap elementor-element-populated\">\n\t\t\t\t\t\t<div class=\"elementor-element elementor-element-66201a89 elementor-widget elementor-widget-text-editor\" data-id=\"66201a89\" data-element_type=\"widget\" data-widget_type=\"text-editor.default\">\n\t\t\t\t<div class=\"elementor-widget-container\">\n\t\t\t\t\t\t\t\t\t<p><span style=\"color: #808080;\">Vice-pr\u00e9sidente de la <a style=\"color: #808080;\" href=\"http:\/\/seropp.org\/\" target=\"_blank\" rel=\"noopener\">SEROPP<\/a><\/span><br \/><span style=\"color: #808080;\">Membre du <a style=\"color: #808080;\" href=\"https:\/\/www.osteopathe-syndicat.fr\/\" target=\"_blank\" rel=\"noopener\">SFDO<\/a><\/span><br \/><span style=\"color: #808080;\">Charg\u00e9e de cours \u00e0 <a style=\"color: #808080;\" href=\"https:\/\/osteopathie-perinatale-pediatrique.com\" target=\"_blank\" rel=\"noopener\">OPP Formation<\/a><\/span><\/p>\t\t\t\t\t\t\t\t<\/div>\n\t\t\t\t<\/div>\n\t\t\t\t\t<\/div>\n\t\t<\/div>\n\t\t\t\t<div class=\"elementor-column elementor-col-66 elementor-top-column elementor-element elementor-element-6caed78a\" data-id=\"6caed78a\" data-element_type=\"column\">\n\t\t\t<div class=\"elementor-widget-wrap elementor-element-populated\">\n\t\t\t\t\t\t<div class=\"elementor-element elementor-element-6f0fa404 elementor-widget elementor-widget-text-editor\" data-id=\"6f0fa404\" data-element_type=\"widget\" data-widget_type=\"text-editor.default\">\n\t\t\t\t<div class=\"elementor-widget-container\">\n\t\t\t\t\t\t\t\t\t<p style=\"text-align: left;\"><span style=\"color: #4e9696; font-weight: bold;\">2002<\/span>&nbsp;<span style=\"color: lightslategray;\">Dipl\u00f4m\u00e9e de l&rsquo;ESO Paris (M\u00e9moire sur les \u00ab\u00a0Pathologies de la hanche chez la femme enceinte\u00a0\u00bb)<\/span><\/p>\n<p><strong><span style=\"color: #4e9696;\">2002-2004<\/span><\/strong><span style=\"color: lightslategray;\"> Cycle I et II de OPP Formation&nbsp;<\/span><\/p>\n<p><strong><span style=\"color: #4e9696;\">2006<\/span><\/strong><span style=\"color: lightslategray;\"> Formation Evaluation neurod\u00e9veloppementale de l&rsquo;enfant- Na\u00eetre et Devenir<\/span><\/p>\n<p><strong><span style=\"color: #4e9696;\">2009<\/span><\/strong><span style=\"color: lightslategray;\"> Neurologie du d\u00e9veloppement-APECADE<\/span><\/p>\n<p><strong><span style=\"color: #4e9696;\">2012<\/span><\/strong><span style=\"color: lightslategray;\"> Journ\u00e9e du Groupe Oralit\u00e9 de l&rsquo;h\u00f4pital Necker-\u00ab\u00a0Difficult\u00e9s alimentaires du jeune enfant\u00a0\u00bb<\/span><\/p>\n<p><strong><span style=\"color: #4e9696;\">2013<\/span><\/strong><span style=\"color: lightslategray;\"> Cycle III OPP Formation<\/span><\/p>\n<p><strong><span style=\"color: #4e9696;\">2014<\/span><\/strong><span style=\"color: lightslategray;\"> \u00ab\u00a0Cultures et p\u00e9rin\u00e9e\u00a0\u00bb-Anth\u00e9a<\/span><\/p>\n<p><strong><span style=\"color: #4e9696;\">2015-16<\/span><\/strong><span style=\"color: lightslategray;\"> Formation Concept Structurel de l&rsquo;adulte-Bretagne ost\u00e9opathie par JF Terramorsi<\/span><\/p>\n<p><strong><span style=\"color: #4e9696;\">2018<\/span><\/strong><span style=\"color: lightslategray;\"> Congr\u00e8s Sport et P\u00e9rin\u00e9e-Institut De gasquet \/ Soins Corps et Langage-ARIP&nbsp;<\/span><\/p>\n<p><strong><span style=\"color: #4e9696;\">2019<\/span><\/strong><span style=\"color: lightslategray;\"> Freins restricifs buccaux Caroline De Ville<\/span><\/p>\n<p><strong><span style=\"color: #4e9696;\">2020<\/span><\/strong><span style=\"color: lightslategray;\">&nbsp;Dipl\u00f4me inter-universitaire de lactation humaine et allaitement maternel Lille (DIULHAM)<\/span><\/p>\n<p style=\"margin-bottom: 12.0pt;\"><strong><span style=\"color: #4e9696;\">2020<\/span><\/strong><span style=\"color: lightslategray;\"> Formation parentalit\u00e9 et attachement Institut de la parentalit\u00e9 de Bordeaux<\/span><\/p><p style=\"margin-bottom: 12.0pt;\"><span style=\"font-style: inherit; color: var( --e-global-color-text ); background-color: var(--ast-global-color-5); font-weight: bold;\"><span style=\"color: #4e9696;\">2024&nbsp;<\/span><\/span><span style=\"font-size: 1rem; font-style: inherit; font-weight: inherit; color: rgb(119, 136, 153); background-color: var(--ast-global-color-5);\">Troubles de l&rsquo;oralit\u00e9: et si c&rsquo;\u00e9tait sensoriel? R\u00e9seau p\u00e9rinatal Occitanie<\/span><br><\/p>\n<p style=\"margin-bottom: 12.0pt;\"><span style=\"color: #4e9696; font-weight: bold; background-color: var(--ast-global-color-5); font-size: 1rem;\">2025&nbsp;<\/span><span style=\"background-color: var(--ast-global-color-5); font-size: 1rem;\"><font color=\"#778899\">Sensibilisation aux troubles et addictions d\u00fbs aux jeux vid\u00e9os<\/font><\/span><\/p><p style=\"margin-bottom: 12.0pt;\"><span style=\"font-size: 1rem; font-style: inherit; color: rgb(78, 150, 150); font-weight: bold; background-color: var(--ast-global-color-5);\">2025&nbsp;<\/span><span style=\"font-size: 1rem; font-style: inherit; font-weight: inherit; color: rgb(119, 136, 153); background-color: var(--ast-global-color-5);\">Mouvements g\u00e9n\u00e9raux R\u00e9seau p\u00e9rinatal M\u00e9diterrann\u00e9e<\/span><\/p>\n<p style=\"margin-bottom: 12.0pt;\"><span style=\"font-size: 1rem; color: #4e9696; font-weight: bold; background-color: var(--ast-global-color-5);\">2025 <\/span><span style=\"font-size: 1rem; color: #778899; background-color: var(--ast-global-color-5);\">Sensibilisation Violences faites aux femmes <\/span><span style=\"color: #778899; background-color: var(--ast-global-color-5); font-size: 1rem;\">R\u00e9seau p\u00e9rinatal M\u00e9diterran\u00e9e<\/span><span style=\"font-size: 1rem; color: #778899; background-color: var(--ast-global-color-5);\"><br><\/span><\/p>\t\t\t\t\t\t\t\t<\/div>\n\t\t\t\t<\/div>\n\t\t\t\t\t<\/div>\n\t\t<\/div>\n\t\t\t\t<div class=\"elementor-column elementor-col-16 elementor-top-column elementor-element elementor-element-410b6b7f\" data-id=\"410b6b7f\" data-element_type=\"column\">\n\t\t\t<div class=\"elementor-widget-wrap elementor-element-populated\">\n\t\t\t\t\t\t<div class=\"elementor-element elementor-element-42c3f8e8 elementor-widget elementor-widget-image\" data-id=\"42c3f8e8\" data-element_type=\"widget\" data-widget_type=\"image.default\">\n\t\t\t\t<div class=\"elementor-widget-container\">\n\t\t\t\t\t\t\t\t\t\t\t\t\t\t\t<img fetchpriority=\"high\" decoding=\"async\" width=\"240\" height=\"320\" src=\"https:\/\/osteopathe-gonnet.fr\/wp-content\/uploads\/2023\/03\/photo-Cecile.jpg\" class=\"attachment-large size-large wp-image-126\" alt=\"\" srcset=\"https:\/\/osteopathe-gonnet.fr\/wp-content\/uploads\/2023\/03\/photo-Cecile.jpg 240w, https:\/\/osteopathe-gonnet.fr\/wp-content\/uploads\/2023\/03\/photo-Cecile-225x300.jpg 225w\" sizes=\"(max-width: 240px) 100vw, 240px\" \/>\t\t\t\t\t\t\t\t\t\t\t\t\t\t\t<\/div>\n\t\t\t\t<\/div>\n\t\t\t\t\t<\/div>\n\t\t<\/div>\n\t\t\t\t\t<\/div>\n\t\t<\/section>\n\t\t\t\t<section class=\"elementor-section elementor-top-section elementor-element elementor-element-8579975 elementor-section-boxed elementor-section-height-default elementor-section-height-default\" data-id=\"8579975\" data-element_type=\"section\">\n\t\t\t\t\t\t<div class=\"elementor-container elementor-column-gap-default\">\n\t\t\t\t\t<div class=\"elementor-column elementor-col-100 elementor-top-column elementor-element elementor-element-b1f3d4e\" data-id=\"b1f3d4e\" data-element_type=\"column\">\n\t\t\t<div class=\"elementor-widget-wrap\">\n\t\t\t\t\t\t\t<\/div>\n\t\t<\/div>\n\t\t\t\t\t<\/div>\n\t\t<\/section>\n\t\t\t\t<section class=\"elementor-section elementor-top-section elementor-element elementor-element-5a5692d elementor-section-boxed elementor-section-height-default elementor-section-height-default\" data-id=\"5a5692d\" data-element_type=\"section\">\n\t\t\t\t\t\t<div class=\"elementor-container elementor-column-gap-default\">\n\t\t\t\t\t<div class=\"elementor-column elementor-col-100 elementor-top-column elementor-element elementor-element-df06d40\" data-id=\"df06d40\" data-element_type=\"column\">\n\t\t\t<div class=\"elementor-widget-wrap elementor-element-populated\">\n\t\t\t\t\t\t<div class=\"elementor-element elementor-element-706e171 elementor-widget elementor-widget-spacer\" data-id=\"706e171\" data-element_type=\"widget\" data-widget_type=\"spacer.default\">\n\t\t\t\t<div class=\"elementor-widget-container\">\n\t\t\t\t\t\t\t<div class=\"elementor-spacer\">\n\t\t\t<div class=\"elementor-spacer-inner\"><\/div>\n\t\t<\/div>\n\t\t\t\t\t\t<\/div>\n\t\t\t\t<\/div>\n\t\t\t\t\t<\/div>\n\t\t<\/div>\n\t\t\t\t\t<\/div>\n\t\t<\/section>\n\t\t\t\t<\/div>\n\t\t","protected":false},"excerpt":{"rendered":"<p>Cursus de formation Dipl\u00f4me ESO ParisRPPS 10010762176 Vice-pr\u00e9sidente de la SEROPPMembre du SFDOCharg\u00e9e de cours \u00e0 OPP Formation 2002&nbsp;Dipl\u00f4m\u00e9e de l&rsquo;ESO Paris (M\u00e9moire sur les \u00ab\u00a0Pathologies de la hanche chez la femme enceinte\u00a0\u00bb) 2002-2004 Cycle I et II de OPP Formation&nbsp; 2006 Formation Evaluation neurod\u00e9veloppementale de l&rsquo;enfant- Na\u00eetre et Devenir 2009 Neurologie du d\u00e9veloppement-APECADE 2012 &hellip;<\/p>\n<p class=\"read-more\"> <a class=\"\" href=\"https:\/\/osteopathe-gonnet.fr\/index.php\/mon-cursus-de-formation\/\"> <span class=\"screen-reader-text\">Mon cursus de formation<\/span> Lire la suite\u00a0\u00bb<\/a><\/p>\n","protected":false},"author":1,"featured_media":0,"parent":0,"menu_order":0,"comment_status":"closed","ping_status":"closed","template":"","meta":{"site-sidebar-layout":"no-sidebar","site-content-layout":"page-builder","ast-global-header-display":"","ast-main-header-display":"","ast-hfb-above-header-display":"","ast-hfb-below-header-display":"","ast-hfb-mobile-header-display":"","site-post-title":"disabled","ast-breadcrumbs-content":"","ast-featured-img":"disabled","footer-sml-layout":"","theme-transparent-header-meta":"","adv-header-id-meta":"","stick-header-meta":"","header-above-stick-meta":"","header-main-stick-meta":"","header-below-stick-meta":"","footnotes":""},"class_list":["post-45","page","type-page","status-publish","hentry"],"_links":{"self":[{"href":"https:\/\/osteopathe-gonnet.fr\/index.php\/wp-json\/wp\/v2\/pages\/45","targetHints":{"allow":["GET"]}}],"collection":[{"href":"https:\/\/osteopathe-gonnet.fr\/index.php\/wp-json\/wp\/v2\/pages"}],"about":[{"href":"https:\/\/osteopathe-gonnet.fr\/index.php\/wp-json\/wp\/v2\/types\/page"}],"author":[{"embeddable":true,"href":"https:\/\/osteopathe-gonnet.fr\/index.php\/wp-json\/wp\/v2\/users\/1"}],"replies":[{"embeddable":true,"href":"https:\/\/osteopathe-gonnet.fr\/index.php\/wp-json\/wp\/v2\/comments?post=45"}],"version-history":[{"count":38,"href":"https:\/\/osteopathe-gonnet.fr\/index.php\/wp-json\/wp\/v2\/pages\/45\/revisions"}],"predecessor-version":[{"id":468,"href":"https:\/\/osteopathe-gonnet.fr\/index.php\/wp-json\/wp\/v2\/pages\/45\/revisions\/468"}],"wp:attachment":[{"href":"https:\/\/osteopathe-gonnet.fr\/index.php\/wp-json\/wp\/v2\/media?parent=45"}],"curies":[{"name":"wp","href":"https:\/\/api.w.org\/{rel}","templated":true}]}}